{"id":997,"date":"2021-02-26T11:55:48","date_gmt":"2021-02-26T11:55:48","guid":{"rendered":"https:\/\/valentinafilm.es\/condicions-xerais\/"},"modified":"2021-03-01T11:33:57","modified_gmt":"2021-03-01T11:33:57","slug":"condicions-xerais","status":"publish","type":"page","link":"https:\/\/valentinafilm.es\/gl\/condicions-xerais\/","title":{"rendered":"Condici\u00f3ns Xerais"},"content":{"rendered":"\t\t<div data-elementor-type=\"wp-page\" data-elementor-id=\"997\" class=\"elementor elementor-997 elementor-820\" data-elementor-post-type=\"page\">\n\t\t\t\t\t\t<section data-particle_enable=\"false\" data-particle-mobile-disabled=\"false\" class=\"elementor-section elementor-top-section elementor-element elementor-element-7e4e61d elementor-section-full_width elementor-section-height-default elementor-section-height-default\" data-id=\"7e4e61d\" data-element_type=\"section\">\n\t\t\t\t\t\t<div class=\"elementor-container elementor-column-gap-default\">\n\t\t\t\t\t<div class=\"elementor-column elementor-col-100 elementor-top-column elementor-element elementor-element-8b1bd85\" data-id=\"8b1bd85\" data-element_type=\"column\">\n\t\t\t<div class=\"elementor-widget-wrap elementor-element-populated\">\n\t\t\t\t\t\t<div class=\"elementor-element elementor-element-d308888 elementor-widget elementor-widget-heading\" data-id=\"d308888\" data-element_type=\"widget\" data-widget_type=\"heading.default\">\n\t\t\t\t<div class=\"elementor-widget-container\">\n\t\t\t\t\t<h2 class=\"elementor-heading-title elementor-size-default\">Condici\u00f3ns Xerais<\/h2>\t\t\t\t<\/div>\n\t\t\t\t<\/div>\n\t\t\t\t\t<\/div>\n\t\t<\/div>\n\t\t\t\t\t<\/div>\n\t\t<\/section>\n\t\t\t\t<section data-particle_enable=\"false\" data-particle-mobile-disabled=\"false\" class=\"elementor-section elementor-top-section elementor-element elementor-element-bb78df3 elementor-section-boxed elementor-section-height-default elementor-section-height-default\" data-id=\"bb78df3\" data-element_type=\"section\">\n\t\t\t\t\t\t<div class=\"elementor-container elementor-column-gap-default\">\n\t\t\t\t\t<div class=\"elementor-column elementor-col-100 elementor-top-column elementor-element elementor-element-ef327d0\" data-id=\"ef327d0\" data-element_type=\"column\">\n\t\t\t<div class=\"elementor-widget-wrap elementor-element-populated\">\n\t\t\t\t\t\t<div class=\"elementor-element elementor-element-d473675 elementor-widget elementor-widget-text-editor\" data-id=\"d473675\" data-element_type=\"widget\" data-widget_type=\"text-editor.default\">\n\t\t\t\t<div class=\"elementor-widget-container\">\n\t\t\t\t\t\t\t\t\t<p><strong>CONDICI\u00d3NS XERAIS<\/strong><\/p>\n<p><strong>RESPONSABLE<\/strong><br \/>Responsable E titular: VALENTINA LA PEL\u00cdCULA A.I.E. (en diante, VALENTINA LA PEL\u00cdCULA A.I.E.)<br \/>Sitio web: <a href=\"https:\/\/valentinafilm.es\/?lang=gl\">www.valentinafilm.es<\/a> (en diante, SITIO WEB)<br \/>Domicilio: Avenida Xo\u00e1n Carlos I, 18-6\u00baB 15670 Culleredo A Coru\u00f1a<br \/>CIF: V-70615844<br \/>Domicilio: VALENTINA LA PEL\u00cdCULA A.I.E.<br \/>Datos mercantis rexistrados: Escritura de fecha 8\/4\/2020. Inscrita no Rexistro Mercantil de A Coru\u00f1a, Tomo 3.718, Folio 135, Hoja C-59.527, Incripci\u00f3n 1\u00aa<br \/>Tel\u00e9fono de contacto: 981 330677<br \/>E-mail de contacto: valentinalapelicula@gmail.com<\/p>\n<p><strong><span style=\"color: var( --e-global-color-text );\">FINALIDAD<\/span><\/strong><\/p>\n<p><a href=\"https:\/\/valentinafilm.es\/?lang=gl\">www.valentinafilm.es<\/a> \u00e9 unha p\u00e1xina destinada a informar sobre a pel\u00edcula infantil de animaci\u00f3n, VALENTINA, producida por VALENTINA LA PEL\u00cdCULA A.I.E. Desde a propia p\u00e1xina web habil\u00edtase un formulario de contacto para que os usuarios poidan expor as s\u00faas consultas. As\u00ed mesmo, dende <a href=\"https:\/\/valentinafilm.es\/?lang=gl\">www.valentinafilm.es<\/a> os usuarios poder\u00e1n acceder a propostas de contidos e actividades dirixidas a pais\/nais e educadores para realizar cos seus fillos\/as e alumnos\/as.<\/p>\n<p>Dende o mesmo formulario de contacto haber\u00e1 habilitada unha aplicaci\u00f3n para que os pais\/nais poidan subir debuxos realizados polos seus fillos que poder\u00e1n  publicarse en <a href=\"https:\/\/valentinafilm.es\/?lang=gl\">www.valentinafilm.es<\/a>, segundo as presentes Condici\u00f3ns Xerais.<\/p>\n<p><span style=\"color: var( --e-global-color-text );\">\u00a0<\/span><strong><span style=\"color: var( --e-global-color-text );\">1) CONDICI\u00d3NS XERAIS<\/span><\/strong><\/p>\n<p>Estas Condici\u00f3ns Xerais regulan o funcionamento de servizos do sitio <a href=\"https:\/\/valentinafilm.es\/?lang=gl\">www.valentinafilm.es<\/a> que VALENTINA LA PEL\u00cdCULA A.I.E. pon a disposici\u00f3n dos usuarios. O SITIO WEB informa sobre a pel\u00edcula infantil de animaci\u00f3n, VALENTINA, producida pola produtora VALENTINA LA PEL\u00cdCULA A.I.E. e convida os usuarios a consultar contidos relacionados coa pel\u00edcula, a s\u00faa historia, protagonista e personaxes.<\/p>\n<p><span style=\"color: var( --e-global-color-text );\">O SITIO WEB est\u00e1 dirixido a pais e nais de fillos menores de 7 anos, as\u00ed como a profesores de educaci\u00f3n infantil e de educaci\u00f3n especial que, vendo ou non, a pel\u00edcula desexan dispor de contidos e informaci\u00f3ns sobre a S\u00edndrome de Down para utilizalos como recursos educativos e formativos para os seus fillos\/as e alumnos\/as, respectivamente.<\/span><\/p>\n<p><span style=\"color: var( --e-global-color-text );\">A pel\u00edcula versa sobre Valentina, unha nena con S\u00edndrome de Down que sabe crecer e atopar o seu lugar a pesar das limitaci\u00f3ns iniciais. Con tes\u00f3n e confianza a pequena ver\u00e1 realizados os seus so\u00f1os. <\/span><\/p>\n<p><span style=\"color: var( --e-global-color-text );\">A utilizaci\u00f3n do sitio web atrib\u00fae a condici\u00f3n de usuario e sup\u00f3n a aceptaci\u00f3n plena e sen reservas de todas e cada unha das presentes Condici\u00f3ns Xerais. Se o usuario non est\u00e1 de acordo coas presentes Condici\u00f3ns Xerais, non ter\u00e1 dereito a utilizar o SITIO WEB nin os servizos que se ofrecen. <\/span><\/p>\n<p><strong>2) ACCESO E USO DO SITIO WEB \u00c9 GRATU\u00cdTO<\/strong><\/p>\n<p><span style=\"color: var( --e-global-color-text );\">A prestaci\u00f3n dos servizos do SITIO WEB por parte de VALENTINA LA PEL\u00cdCULA A.I.E ao usuario ten car\u00e1cter gratu\u00edto e non esixe a previa subscrici\u00f3n nin rexistro. No suposto que o usuario desexase expor unha consulta a VALENTINA LA PEL\u00cdCULA A.I.E, poderao facer cumprimentado previamente o formulario Contacto. Igualmente, a trav\u00e9s deste mesmo formulario o usuario que se rexistre poder\u00e1 subir debuxos do seu fillo\/a que poder\u00e1n ser publicados no SITIO WEB, segundo os requisitos das presentes Condici\u00f3ns Xerais.<\/span><\/p>\n<p>O acceso aos contidos formativos e educativos \u00e9 tam\u00e9n gratu\u00edto a\u00ednda que en caso de uso dos mesmos, VALENTINA LA PEL\u00cdCULA A.I.E solicita que se indique que se obtiveron de <a href=\"https:\/\/valentinafilm.es\/?lang=gl\">www.valentinafilm.es<\/a>\u00a0de VALENTINA LA PEL\u00cdCULA A.I.E. Est\u00e1 totalmente prohibido levar a cabo unha explotaci\u00f3n lucrativa dos contidos formativos e educativos que poidan obterse de <a href=\"https:\/\/valentinafilm.es\/?lang=gl\">www.valentinafilm.es<\/a>\u00a0.<\/p>\n<p><strong>3) MODIFICACI\u00d3NS NO SITIO WEB E OS SERVIZOS<\/strong><\/p>\n<p>VALENTINA LA PEL\u00cdCULA A.I.E. res\u00e9rvase o dereito a modificar unilateralmente e, en calquera momento, sen previo aviso, a presentaci\u00f3n ou configuraci\u00f3n do SITIO WEB, as\u00ed como dos servizos e das presentes Condici\u00f3ns Xerais. Ditas modificaci\u00f3ns ser\u00e1n para mellorar os servizos ao usuario, segundo as tendencias de mercado, mellorar e\/ou actualizar o SITIO WEB e\/ou adecuarse \u00e1 normativa aplicable en cada momento. No suposto que a modificaci\u00f3n poida comportar un impacto importante para os usuarios no que se refire aos seus dereitos e obrigaci\u00f3ns, estes ser\u00e1n informados debidamente e previamente.<\/p>\n<p><strong>4) USO CORRECTO DO SITIO WEB E OS SEUS SERVIZOS<\/strong><\/p>\n<p>O usuario comprom\u00e9tese a utilizar o SITIO WEB, os contidos e os servizos de conformidade \u00e1 Lei, \u00e1s presentes Condici\u00f3ns Xerais, \u00e1s boas costumes e \u00e1 orde p\u00fablica. Da mesma forma, o usuario obr\u00edgase a non utilizar o sitio <a href=\"https:\/\/valentinafilm.es\/?lang=gl\">www.valentinafilm.es<\/a> , o contido e os servizos que se ofrecen neste con fins ou efectos il\u00edcitos, contrarios ao contido destas Condici\u00f3ns Xerais, lesivas dos dereitos e intereses de terceiros ou, que de calquera forma, poidan danar, inutilizar, sobrecargar ou deteriorar o SITIO WEB, o seu contido ou os servizos ou impedir a normal utilizaci\u00f3n ou goce do SITIO WEB por outros usuarios.<\/p>\n<p><span style=\"color: var( --e-global-color-text );\">O usuario deber\u00e1 absterse de obter informaci\u00f3ns, mensaxes, entrevistas, opini\u00f3ns, comentarios, textos, extractos, debuxos, esbozos, gr\u00e1ficos, nomes, nomes art\u00edsticos, t\u00edtulos de obras audiovisuais, arquivos de son e\/ou imaxe, pel\u00edculas, trailers, v\u00eddeos, podcasts, audiolibros, fotograf\u00edas, imaxes, ilustraci\u00f3ns, software, programaci\u00f3n, feel &#038; look, marcas, logos, QR e outros signos distintivos e, en xeral, calquera clase de material accesible a trav\u00e9s do SITIO WEB ou dos servizos, empregando para iso medios distintos dos que se puxeron \u00e1 s\u00faa disposici\u00f3n ou, en xeral, dos que se empreguen habitualmente en Internet.<\/span><\/p>\n<p>O usuario deber\u00e1 absterse de manipular datos identificativos de VALENTINA LA PEL\u00cdUCULA A.I.E., as\u00ed como do contido e dos servizos que se ofrecen no SITIO WEB <a href=\"https:\/\/valentinafilm.es\/?lang=gl\">www.valentinafilm.es<\/a>.<\/p>\n<p>O usuario deber\u00e1 absterse de manipular os dispositivos t\u00e9cnicos de protecci\u00f3n de contidos ou de informaci\u00f3n, e en xeral de configuraci\u00f3n dos espazos do SITIO WEB <a href=\"https:\/\/valentinafilm.es\/?lang=gl\">www.valentinafilm.es<\/a>.<\/p>\n<p>VALENTINA LA PEL\u00cdCULA A.I.E. res\u00e9rvase o dereito de denegar o acceso \u00e1 p\u00e1xina web <a href=\"https:\/\/valentinafilm.es\/?lang=gl\">www.valentinafilm.es<\/a> en calquera momento e sen necesidade de previo aviso a aqueles usuarios que incumpran estas Condici\u00f3ns Xerais.<\/p>\n<p><strong>5) POL\u00cdTICA DE PRIVACIDADE<\/strong><br \/>Sempre que o usuario facilite os seus datos persoais  a VALENTINA LA PEL\u00cdCULA A.I.E., inclu\u00eddos o nome e a idade do seu fillo\/a menor de idade, este consente o tratamento dos mesmos nos termos que se detallan no correspondente Aviso Legal de Pol\u00edtica de Privacidade que estar\u00e1 asociado ao formulario de solicitude de datos. Devandito Aviso Legal deber\u00e1 ser aceptado con VALENTINA LA PEL\u00cdCULA A.I.E. <\/p>\n<p><span style=\"color: var( --e-global-color-text );\">Con car\u00e1cter xeral, cando un usuario facilita os seus datos persoais a trav\u00e9s do SITIO WEB, VALENTINA LA PEL\u00cdCULA A.I.E. tr\u00e1taos e incorpora nos procesos de tratamento de datos de responsabilidade de VALENTINA LA PEL\u00cdCULA A.I.E. cuxa finalidade ser\u00e1 a indicada en cada momento a trav\u00e9s do pertinente Aviso Legal de Pol\u00edtica de Privacidade. A Pol\u00edtica de Privacidade aplicada por VALENTINA LA PEL\u00cdCULA A.I.E. est\u00e1 suxeita ao Regulamento Xeral 2016\/679, 27 de abril 2016 do Parlamento Europeo e do Consello, relativo \u00e1 protecci\u00f3n das persoas f\u00edsicas no que respecta ao tratamento de datos persoais e \u00e1 libre circulaci\u00f3n destes datos (Regulamento Xeral de Protecci\u00f3n de Datos, RGPD) e \u00e1 Lei Org\u00e1nica 3\/2018, de 5 de decembro, de Protecci\u00f3n de Datos Persoais e Garant\u00eda dos Dereitos Dixitais (LOPDGDD).<\/span><\/p>\n<p>O usuario pode exercitar os dereitos de acceso, rectificaci\u00f3n, supresi\u00f3n (esquecemento), oposici\u00f3n, limitaci\u00f3n e portabilidade dos datos contidos no devandito tratamento. Para iso, rogamos o comun\u00edque mediante unha mensaxe de correo electr\u00f3nico \u00e1 direcci\u00f3n valentinalapelicula@gmail.com indicando no asunto da mensaxe a referencia \u201cProtecci\u00f3n de Datos\u201d. O usuario deber\u00e1 achegar a documentaci\u00f3n acreditativa da s\u00faa identidade.<\/p>\n<p>Os datos ser\u00e1n conservados mentres se desenvolva a finalidade pola que foron comunicados ou mentres estea vixente o consentimento do seu titular. De cancelarse o consentimento ou ben terminarse a finalidade, os datos ser\u00e1n conservados ata que prescriban as obrigaci\u00f3ns legais que poidan aplicarse sobre estes. Vencidas as mesmas os datos ser\u00e1n borrados dos sistemas de tratamento.<\/p>\n<p>VALENTINA LA PEL\u00cdCULA A.I.E. garante que tratar\u00e1 confidencialmente os seus datos persoais e que os sistemas de tratamento de datos at\u00f3panse todos situados na Uni\u00f3n Europea.<\/p>\n<p>A Autoridade de Control competente en materia de protecci\u00f3n de datos \u00e9 Axencia Espa\u00f1ola de Protecci\u00f3n de Datos, c\/ Jorge Juan, n\u00ba 6, Madrid, 28001.<\/p>\n<p><strong style=\"color: var( --e-global-color-text );\"><span style=\"color: var( --e-global-color-text );\">6) LIMITACI\u00d3N DE GARANT\u00cdAS E RESPONSABILIDADES<\/span><\/strong><\/p>\n<p>VALENTINA LA PEL\u00cdCULA A.I.E. non controla nin garante a ausencia de virus nin doutros elementos nos contidos que poidan producir alteraci\u00f3ns no seu sistema inform\u00e1tico (software e hardware) ou nos documentos electr\u00f3nicos e ficheiros almacenados no seu sistema inform\u00e1tico e\/ou dispositivos m\u00f3biles. VALENTINA LA PEL\u00cdCULA A.I.E. excl\u00fae calquera responsabilidade polos danos e prexu\u00edzos de toda natureza que poidan deberse \u00e1 presenza de virus ou \u00e1 presenza doutros elementos nos contidos que poidan producir alteraci\u00f3ns no seu sistema inform\u00e1tico, dispositivos m\u00f3biles, documentos electr\u00f3nicos ou ficheiros dos usuarios.<\/p>\n<p>VALENTINA LA PEL\u00cdCULA A.I.E. far\u00e1 o posible para garantir a seguridade da informaci\u00f3n que sexa facilitada polos usuarios. No entanto, non pode garantir que as transmisi\u00f3ns de informaci\u00f3n sexan totalmente seguras.<\/p>\n<p>Sen prexu\u00edzo dos niveis de seguridade de protecci\u00f3n, a instalaci\u00f3n de todos os medios e medidas t\u00e9cnicas ao alcance de VALENTINA LA PEL\u00cdCULA A.I.E. para evitar a perda, mal uso, alteraci\u00f3n, acceso non autorizado e roubo dos datos facilitados, o usuario sabe e co\u00f1ece que a seguridade na contorna de Internet non pode ser garantida ao cento por cento.<\/p>\n<p>VALENTINA LA PEL\u00cdCULA A.I.E. excl\u00fae calquera responsabilidade polos danos e prexu\u00edzos de toda \u00edndole que poidan deberse \u00e1 falta de veracidade, exactitude, exhaustividade e\/ou actualidade dos contidos do sitio web\u00a0<a href=\"https:\/\/valentinafilm.es\/?lang=gl\">www.valentinafilm.es<\/a>.<\/p>\n<p>No suposto de formularios nos que o usuario poida realizar comentarios, consultas e mesmo subir debuxos do  seu fillo\/filla menor de idade, debe saber que non deber\u00e1 inclu\u00edr nos comentarios nin debuxos nin mensaxes nin imaxes nin representaci\u00f3ns, entre outros, que atenten ou sexan susceptibles de atentar contra a moral, a \u00e9tica, o bo gusto ou o decoro, nin que infrinxan, violen ou conculquen os dereitos de propiedade intelectual ou industrial, e debemos advertirlle das consecuencias e responsabilidades nas que pode incorrer se realiza un uso il\u00edcito ou fraudulento dos formularios.<\/p>\n<p>VALENTINA LA PEL\u00cdCULA A.I.E. declina toda responsabilidade sobre as consecuencias que a exhibici\u00f3n voluntaria, consentida e deliberada por parte do usuario dos seus comentarios e debuxos dos\/as menores poidan comportarlle a si mesmo, ao\/\u00e1 menor, \u00e1 s\u00faa familia, amizades e\/ou achegados, ou a outras terceiras persoas, ou da difusi\u00f3n ou exhibici\u00f3n dos mesmos pola s\u00faa banda ou por terceiros, ou a s\u00faa reproduci\u00f3n, mesmo noutras p\u00e1xinas web, blogs, redes sociais ou en calquera outro medio, soporte ou modalidade de explotaci\u00f3n dixital ou non, online ou off line.<\/p>\n<p><strong>7) DEREITOS DE AUTOR, PROPIEDADE INTELECTUAL E INDUSTRIAL<\/strong><\/p>\n<p><strong>a) Do SITIO WEB<\/strong><br \/>Todos os contidos do SITIO WEB <a href=\"https:\/\/valentinafilm.es\/?lang=gl\">www.valentinafilm.es<\/a> son de propiedade exclusiva e mundial de VALENTINA LA PEL\u00cdCULA A.I.E. inclu\u00edndo, sen limitaci\u00f3n, informaci\u00f3ns, mensaxes, entrevistas, opini\u00f3ns, comentarios, textos, extractos, debuxos, esbozos, gr\u00e1ficos, nomes, nomes art\u00edsticos, t\u00edtulos de obras audiovisuais, arquivos de son e\/ou imaxe, pel\u00edculas, trailers, v\u00eddeos, podcasts, audiolibros, fotograf\u00edas, imaxes, ilustraci\u00f3ns, software, programaci\u00f3n, feel &#038; look, marcas, logos, QR e outros signos distintivos, en calquera das linguaxes de programaci\u00f3n utilizados ou utilizables, as\u00ed como todo o software de funcionamento e desenvolvemento do SITIO WEB. A reproduci\u00f3n, distribuci\u00f3n, comunicaci\u00f3n ao p\u00fablico, posta a disposici\u00f3n ao p\u00fablico, cesi\u00f3n e calquera outro acto ou modalidade de explotaci\u00f3n que non fose expresamente autorizado pola titular dos dereitos de explotaci\u00f3n quedan expresamente prohibidos.<\/p>\n<p><span style=\"color: var( --e-global-color-text );\">VALENTINA LA PEL\u00cdCULA A.I.E. non concede ningunha licenza ou autorizaci\u00f3n de uso de ningunha clase sobre os seus dereitos de propiedade intelectual e industrial ou sobre calquera outra propiedade ou dereito relacionado co SITIO WEB e os servizos ofrecidos.<\/span><\/p>\n<p><span style=\"color: var( --e-global-color-text );\">Os contidos formativos e educativos que poidan descargarse sen ningunha contraprestaci\u00f3n nin solicitude previa de autorizaci\u00f3n estar\u00e1n debidamente sinalados. <\/span><span style=\"color: var( --e-global-color-text );\">O acceso aos contidos formativos e educativos \u00e9 tam\u00e9n gratu\u00edto si ben en caso de uso dos mesmos, VALENTINA LA PEL\u00cdCULA A.I.E. solicita que se indique que se obtiveron de <a href=\"https:\/\/valentinafilm.es\/?lang=gl\">www.valentinafilm.es<\/a> <\/span><span style=\"color: var( --e-global-color-text );\"> de VALENTINA LA PEL\u00cdCULA A.I.E. Est\u00e1 totalmente prohibido levar a cabo unha explotaci\u00f3n lucrativa dos contidos formativos e educativos que poidan obterse de <a href=\"https:\/\/valentinafilm.es\/?lang=gl\">www.valentinafilm.es<\/a><\/span><\/p>\n<p><span style=\"color: var( --e-global-color-text );\">Todas as marcas e denominaci\u00f3ns de servizos que aparecen no sitio web <\/span><a href=\"https:\/\/valentinafilm.es\/?lang=gl\">www.valentinafilm.es<\/a><span style=\"color: var( --e-global-color-text );\">,\u00a0son marcas rexistradas e de propiedade de VALENTINA LA PEL\u00cdCULA A.I.E.. No resto dos casos son marcas licenciadas polos seus titulares lex\u00edtimos.<\/span><\/p>\n<p><strong>b) Dos debuxos dos usuarios<\/strong><\/p>\n<p>Os debuxos que de forma voluntaria poidan subir os pais\/nais dun\/a menor idade deben gozar de todos os dereitos de propiedade intelectual e estar libres de calquera carga, gravame ou contratos con terceiros. VALENTINA LA PEL\u00cdCULA A.I.E. actuar\u00e1 de inmediato ante unha denuncia ou unha sospeita de que poidan estar a se producir infracci\u00f3ns dos dereitos de propiedade intelectual, ou ante calquera contido que poida considerarse inadecuado e proceder\u00e1 a eliminalo inmediatamente, podendo solicitar o bloqueo permanente do usuario infractor. Por tanto, o usuario responder\u00e1 directamente, mantendo a VALENTINA LA PEL\u00cdCULA A.I.E. indemne, ante calquera reclamaci\u00f3n, queixa ou demanda de terceiros en relaci\u00f3n \u00e1 vulneraci\u00f3n ou infracci\u00f3n dos posibles dereitos que puidesen derivarse de materiais que un usuario subise. Os debuxos permanecer\u00e1n publicados temporalmente e ser\u00e1n substitu\u00eddos por debuxos doutros usuarios.<\/p>\n<p>Desde o mesmo momento en que se publica un debuxo en\u00a0<a href=\"https:\/\/valentinafilm.es\/?lang=gl\">www.valentinafilm.es<\/a>, VALENTINA LA PEL\u00cdCULA A.I.E. non ofrece ningunha garant\u00eda respecto do uso que dos mesmos fagan terceiras persoas, inclu\u00eddas persoas f\u00edsicas e\/ou xur\u00eddicas tanto privadas como p\u00fablicas. En consecuencia, o pai\/nai do\/a menor que sexa autor\/a de o debuxo exhonera a VALENTINA LA PEL\u00cdCULA A.I.E. de todas as consecuencias, efectos e secuelas que se sucedan coa publicaci\u00f3n do debuxo.<\/p>\n<p><strong>8) REDES SOCIAIS E OUTROS LINKS<\/strong><\/p>\n<p>Dende o SITIO WEB, o usuario interesado pode acceder a publicaci\u00f3ns de Facebook, Vimeo, etc de VALENTINA LA PEL\u00cdCULA A.I.E.. Con todo, a informaci\u00f3n publicada a trav\u00e9s destas redes sociais est\u00e1 suxeita \u00e1s normas establecidas polas propias redes sociais e o usuario deber\u00e1 rexerse polas Normas da Comunidade de cada rede. As presentes Condici\u00f3ns Xerais unicamente regulan o contido SITIO WEB <a href=\"https:\/\/valentinafilm.es\/?lang=gl\">www.valentinafilm.es<\/a>\u00a0.<\/p>\n<p>Calquera outro ligaz\u00f3n do SITIO WEB que redirixa ao usuario a outro sitio web que non sexa <a href=\"https:\/\/valentinafilm.es\/?lang=gl\">www.valentinafilm.es<\/a> non \u00e9 responsabilidade de VALENTINA LA PEL\u00cdCULA A.I.E.. Estas ligaz\u00f3ns est\u00e1n no SITIO WEB con car\u00e1cter meramente informativo, pero quedan \u00e1 discrecionalidade do usuario clicar neles e consultar estoutros sitios web.<\/p>\n<p><strong>9) NAVEGACI\u00d3N CON COOKIES<\/strong><\/p>\n<p><strong>Que son as cookies?<\/strong><\/p>\n<p>As cookies son arquivos que se poden descargar no seu equipo a trav\u00e9s das p\u00e1xinas web e compren un papel fundamental na prestaci\u00f3n de numerosos servizos da sociedade da informaci\u00f3n. Entre outros, permiten a unha p\u00e1xina web almacenar e recuperar informaci\u00f3n sobre os h\u00e1bitos de navegaci\u00f3n dun usuario ou do seu equipo e, dependendo da informaci\u00f3n obtida, p\u00f3dense utilizar para reco\u00f1ecer ao usuario e mellorar o servizo ofrecido.<\/p>\n<p>As cookies que se utilizan en <a href=\"https:\/\/valentinafilm.es\/?lang=gl\">www.valentinafilm.es<\/a>\u00a0poden consultarse en <a href=\"https:\/\/valentinafilm.es\/politica-de-cookies\/?lang=gl\">Pol\u00edtica de cookies<\/a>.<\/p>\n<p><strong style=\"color: var( --e-global-color-text );\">9) LEI E XURISDICCI\u00d3N<\/strong><\/p>\n<p>As presentes Condici\u00f3ns Xerais, as\u00ed como calquera relaci\u00f3n entre vostede como Usuario e VALENTINA LA PEL\u00cdCULA A.I.E., rexeranse pola lexislaci\u00f3n espa\u00f1ola.<\/p>\n<p>Para calquera cuesti\u00f3n litixiosa derivada da existencia ou contido destas Condici\u00f3ns Xerais ou das relaci\u00f3ns entre o Usuario e VALENTINA LA PEL\u00cdCULA A.I.E., ambas as partes, con renuncia expresa a calquera outro foro que lles puidese corresponder, som\u00e9tense expresamente \u00e1 xurisdici\u00f3n e competencia exclusiva dos Xulgados e Tribunais da Cidade do Ferrol.<\/p>\n\t\t\t\t\t\t\t\t<\/div>\n\t\t\t\t<\/div>\n\t\t\t\t\t<\/div>\n\t\t<\/div>\n\t\t\t\t\t<\/div>\n\t\t<\/section>\n\t\t\t\t<section data-particle_enable=\"false\" data-particle-mobile-disabled=\"false\" class=\"elementor-section elementor-top-section elementor-element elementor-element-c630a43 elementor-section-boxed elementor-section-height-default elementor-section-height-default\" data-id=\"c630a43\" data-element_type=\"section\">\n\t\t\t\t\t\t<div class=\"elementor-container elementor-column-gap-default\">\n\t\t\t\t\t<div class=\"elementor-column elementor-col-100 elementor-top-column elementor-element elementor-element-bb10292\" data-id=\"bb10292\" data-element_type=\"column\">\n\t\t\t<div class=\"elementor-widget-wrap elementor-element-populated\">\n\t\t\t\t\t\t<div class=\"elementor-element elementor-element-3363ce4 elementor-widget elementor-widget-image\" data-id=\"3363ce4\" data-element_type=\"widget\" data-widget_type=\"image.default\">\n\t\t\t\t<div class=\"elementor-widget-container\">\n\t\t\t\t\t\t\t\t\t\t\t\t\t\t\t<img fetchpriority=\"high\" decoding=\"async\" width=\"1574\" height=\"626\" src=\"https:\/\/valentinafilm.es\/wp-content\/uploads\/web-valentina-bocetos.jpg\" class=\"attachment-full size-full wp-image-995\" alt=\"Valentina\" srcset=\"https:\/\/valentinafilm.es\/wp-content\/uploads\/web-valentina-bocetos.jpg 1574w, https:\/\/valentinafilm.es\/wp-content\/uploads\/web-valentina-bocetos-300x119.jpg 300w, https:\/\/valentinafilm.es\/wp-content\/uploads\/web-valentina-bocetos-1024x407.jpg 1024w, https:\/\/valentinafilm.es\/wp-content\/uploads\/web-valentina-bocetos-768x305.jpg 768w, https:\/\/valentinafilm.es\/wp-content\/uploads\/web-valentina-bocetos-1536x611.jpg 1536w\" sizes=\"(max-width: 1574px) 100vw, 1574px\" \/>\t\t\t\t\t\t\t\t\t\t\t\t\t\t\t<\/div>\n\t\t\t\t<\/div>\n\t\t\t\t\t<\/div>\n\t\t<\/div>\n\t\t\t\t\t<\/div>\n\t\t<\/section>\n\t\t\t\t<\/div>\n\t\t","protected":false},"excerpt":{"rendered":"<p>Condici\u00f3ns Xerais CONDICI\u00d3NS XERAIS RESPONSABLEResponsable E titular: VALENTINA LA PEL\u00cdCULA A.I.E. (en diante, VALENTINA LA PEL\u00cdCULA A.I.E.)Sitio web: www.valentinafilm.es (en diante, SITIO WEB)Domicilio: Avenida Xo\u00e1n Carlos I, 18-6\u00baB 15670 Culleredo A Coru\u00f1aCIF: V-70615844Domicilio: VALENTINA LA PEL\u00cdCULA A.I.E.Datos mercantis rexistrados: Escritura de fecha 8\/4\/2020. Inscrita no Rexistro Mercantil de A Coru\u00f1a, Tomo 3.718, Folio 135, Hoja [&hellip;]<\/p>\n","protected":false},"author":1,"featured_media":0,"parent":0,"menu_order":0,"comment_status":"closed","ping_status":"closed","template":"","meta":{"footnotes":""},"class_list":["post-997","page","type-page","status-publish","hentry"],"_links":{"self":[{"href":"https:\/\/valentinafilm.es\/gl\/wp-json\/wp\/v2\/pages\/997","targetHints":{"allow":["GET"]}}],"collection":[{"href":"https:\/\/valentinafilm.es\/gl\/wp-json\/wp\/v2\/pages"}],"about":[{"href":"https:\/\/valentinafilm.es\/gl\/wp-json\/wp\/v2\/types\/page"}],"author":[{"embeddable":true,"href":"https:\/\/valentinafilm.es\/gl\/wp-json\/wp\/v2\/users\/1"}],"replies":[{"embeddable":true,"href":"https:\/\/valentinafilm.es\/gl\/wp-json\/wp\/v2\/comments?post=997"}],"version-history":[{"count":5,"href":"https:\/\/valentinafilm.es\/gl\/wp-json\/wp\/v2\/pages\/997\/revisions"}],"predecessor-version":[{"id":1231,"href":"https:\/\/valentinafilm.es\/gl\/wp-json\/wp\/v2\/pages\/997\/revisions\/1231"}],"wp:attachment":[{"href":"https:\/\/valentinafilm.es\/gl\/wp-json\/wp\/v2\/media?parent=997"}],"curies":[{"name":"wp","href":"https:\/\/api.w.org\/{rel}","templated":true}]}}