{"id":1013,"date":"2021-02-26T12:56:11","date_gmt":"2021-02-26T12:56:11","guid":{"rendered":"https:\/\/valentinafilm.es\/politica-de-cookies\/"},"modified":"2021-02-26T12:56:11","modified_gmt":"2021-02-26T12:56:11","slug":"politica-de-cookies","status":"publish","type":"page","link":"https:\/\/valentinafilm.es\/gl\/politica-de-cookies\/","title":{"rendered":"Pol\u00edtica de Cookies"},"content":{"rendered":"\t\t<div data-elementor-type=\"wp-page\" data-elementor-id=\"1013\" class=\"elementor elementor-1013 elementor-805\" data-elementor-post-type=\"page\">\n\t\t\t\t\t\t<section data-particle_enable=\"false\" data-particle-mobile-disabled=\"false\" class=\"elementor-section elementor-top-section elementor-element elementor-element-0ed36b7 elementor-section-full_width elementor-section-height-default elementor-section-height-default\" data-id=\"0ed36b7\" data-element_type=\"section\">\n\t\t\t\t\t\t<div class=\"elementor-container elementor-column-gap-default\">\n\t\t\t\t\t<div class=\"elementor-column elementor-col-100 elementor-top-column elementor-element elementor-element-705c1d3\" data-id=\"705c1d3\" data-element_type=\"column\">\n\t\t\t<div class=\"elementor-widget-wrap elementor-element-populated\">\n\t\t\t\t\t\t<div class=\"elementor-element elementor-element-be3d621 elementor-widget elementor-widget-heading\" data-id=\"be3d621\" data-element_type=\"widget\" data-widget_type=\"heading.default\">\n\t\t\t\t<div class=\"elementor-widget-container\">\n\t\t\t\t\t<h2 class=\"elementor-heading-title elementor-size-default\">Pol\u00edtica de Cookies<\/h2>\t\t\t\t<\/div>\n\t\t\t\t<\/div>\n\t\t\t\t\t<\/div>\n\t\t<\/div>\n\t\t\t\t\t<\/div>\n\t\t<\/section>\n\t\t\t\t<section data-particle_enable=\"false\" data-particle-mobile-disabled=\"false\" class=\"elementor-section elementor-top-section elementor-element elementor-element-873204f elementor-section-boxed elementor-section-height-default elementor-section-height-default\" data-id=\"873204f\" data-element_type=\"section\">\n\t\t\t\t\t\t<div class=\"elementor-container elementor-column-gap-default\">\n\t\t\t\t\t<div class=\"elementor-column elementor-col-100 elementor-top-column elementor-element elementor-element-f169b0b\" data-id=\"f169b0b\" data-element_type=\"column\">\n\t\t\t<div class=\"elementor-widget-wrap elementor-element-populated\">\n\t\t\t\t\t\t<div class=\"elementor-element elementor-element-8b875fd elementor-widget elementor-widget-text-editor\" data-id=\"8b875fd\" data-element_type=\"widget\" data-widget_type=\"text-editor.default\">\n\t\t\t\t<div class=\"elementor-widget-container\">\n\t\t\t\t\t\t\t\t\t<p><b>AVISO DE COOKIES<\/b><\/p>\n<p><b>Esta p\u00e1xina web usa cookies<\/b><\/p>\n<p>As cookies deste sitio web poden usarse para personalizar o contigo e os anuncios, ofrecer funci\u00f3ns de redes socias e analizar o tr\u00e1fico. Adem\u00e1is, compartimos informaci\u00f3n sobre o uso que faga do sitio web cos nosos partners de redes sociais, publicidade e an\u00e1lise web, os cais poden combinala con outra informaci\u00f3n que se proporcionara ou se recopilara a partir do uso que fixera dos seus servicios.<\/p>\n<p><strong>DEFINICI\u00d3N DE COOKIES<\/strong><\/p>\n<p>As cookies son identificadores que enviamos ao disco duro do seu ordenador a trav\u00e9s do seu navegador web co fin de que os nosos sistemas poidan reco\u00f1ecer o seu navegador e ofrecerlle certos servizos.<\/p>\n<p>Esta p\u00e1xina utiliza tipos diferentes de cookies. Algunhas cookies son colocadas por servizos de terceiros que aparecen nas nosas p\u00e1xinas.<\/p>\n<p>A continuaci\u00f3n, indicamos as cookies que utiliza a p\u00e1xina <a href=\"https:\/\/valentinafilm.es\/?lang=gl\">www.valentinafilm.es<\/a>.<\/p>\n<p><strong>COOKIES UTILIZADAS<\/strong><\/p>\n<p><b>Cookies necesarias<\/b><\/p>\n<p>As cookies necesarias axudan a facer unha p\u00e1xina web utilizable activando funci\u00f3ns b\u00e1sicas como a navegaci\u00f3n na p\u00e1xina e o acceso a \u00e1reas seguras da p\u00e1xina web. A p\u00e1xina web non pode funcionar adecuadamente sin estas cookies.<\/p>\n<table>\n<thead>\n<tr>\n<th>Nome<\/th>\n<th>Proveedor<\/th>\n<th>Prop\u00f3sito<\/th>\n<th>Caducidade<\/th>\n<\/tr>\n<\/thead>\n<tbody>\n<tr>\n<td>cookie-agreed<\/td>\n<td>WordPress<\/td>\n<td>Saber si por exemplo o usuario aceptou a advertencia das cookies<\/td>\n<td>3 meses<\/td>\n<\/tr>\n<tr>\n<td>wordpress_test_cookie<\/td>\n<td>WordPress<\/td>\n<td>Comproba e garda si as cookies est\u00e1n activadas no navegador<\/td>\n<td>Sesi\u00f3n<\/td>\n<\/tr>\n<tr>\n<td>viewed_cookie_policy<\/td>\n<td>Plugin GRPD WordPress<\/td>\n<td>\u00c9 a cookie principal que rexistra o consentimiento do usuario para o uso das cookies ao &#8220;aceptar&#8221; e &#8220;rechazar&#8221;. Non rastrea ning\u00fan dato persoal e establecese so no momento da acci\u00f3n do usuario (aceptar\/rechazar)<\/td>\n<td>Sesi\u00f3n<\/td>\n<\/tr>\n<tr>\n<td>CookieLawInfoConsent<\/td>\n<td>Plugin GRPD WordPress<\/td>\n<td>Rexistra o estado do bot\u00f3n por defecto da categor\u00eda correspondente e o estado da CCPA. So funciona en coordinaci\u00f3n ca cookie principal<\/td>\n<td>Sesi\u00f3n<\/td>\n<\/tr>\n<tr>\n<td>cookielawinfo-checkbox-necessary<\/td>\n<td>Plugin GRPD WordPress<\/td>\n<td>Rexistra o estado do bot\u00f3n por defecto da categor\u00eda correspondente. So funciona en coordinaci\u00f3n ca cookie principal<\/td>\n<td>Sesi\u00f3n<\/td>\n<\/tr>\n<tr>\n<td>cookielawinfo-checkbox-non-necessary<\/td>\n<td>Plugin GRPD WordPress<\/td>\n<td>Rexistra o estado do bot\u00f3n por defecto da categor\u00eda correspondente. So funciona en coordinaci\u00f3n ca cookie principal<\/td>\n<td>Sesi\u00f3n<\/td>\n<\/tr>\n<\/tbody>\n<\/table>\n<p><strong>COOKIES DE ESTAD\u00cdSTICAS<\/strong><\/p>\n<p><strong>Cookies non necesarias<\/strong><\/p>\n<p>As cookies estad\u00edsticas axudan aos propietarios de p\u00e1xinas web a comprender c\u00f3mo interact\u00faan os visitantes cas p\u00e1xinas web reunindo e proporcionando informaci\u00f3n de forma an\u00f3nima.<\/p>\n<p>Para deshabilitar as cookies de Google Analytics, podes instalar o complemento inhabilitaci\u00f3n para navegadores de Google Analytics que lle permitir\u00e1 non mandar informaci\u00f3n estad\u00edstica.<\/p>\n<table>\n<thead>\n<tr>\n<th>Nome<\/th>\n<th>Proveedor<\/th>\n<th>Prop\u00f3sito<\/th>\n<th>Caducidade<\/th>\n<\/tr>\n<\/thead>\n<tbody>\n<tr>\n<td>_ga<\/td>\n<td>Google Analytics<\/td>\n<td>Rexistra unha identificaci\u00f3n \u00fanica que se utiliza para xerar datos estad\u00edsticos sobre como utiliza o visitante o sitio web<\/td>\n<td>2 anos<\/td>\n<\/tr>\n<tr>\n<td>_gid<\/td>\n<td>Google Analytics<\/td>\n<td>Rexistra unha identificaci\u00f3n \u00fanica que se utiliza para xerar datos estad\u00edsticos acerca de como utiliza o visitante o sitio web<\/td>\n<td>1 d\u00eda<\/td>\n<\/tr>\n<tr>\n<td>_gat<\/td>\n<td>Google Analytics<\/td>\n<td>Usa para limitar o porcentaxe de solicitudes<\/td>\n<td>Cookie de sesi\u00f3n<\/td>\n<\/tr>\n<\/tbody>\n<\/table>\n<p><strong>Como habilitar \/ deshabilitar as cookies nos principais navegadores:<\/strong><\/p>\n<p>Normalmente \u00e9 posible deixar de aceptar as cookies do navegador, ou deixar de aceptar as cookies dun Servizo en particular.<\/p>\n<p>Todos os navegadores actuais, permiten cambiar a configuraci\u00f3n de cookies. Estos axustes atopanse normalmente nas \u201copci\u00f3ns\u201d ou \u201cpreferencias\u201d do men\u00fa do seu navegador. Asimesmo, poden configurar o seu navegador ou o seu xestor de correo electr\u00f3nico.<\/p>\n<p>A continuaci\u00f3n, ofrecese orientaci\u00f3n ao usuario sobre os pasos para acceder a men\u00fa de configuraci\u00f3n das cookies e, no seu caso, da navegaci\u00f3n privada en cada un dos navegadores principais:<\/p>\n<p><b>Internet Explorer:<\/b> <i>Herramientas -&gt; Opci\u00f3ns de Internet -&gt; Privacidade -&gt; Configuraci\u00f3n<\/i>. Para m\u00e1is informaci\u00f3n, pode consultar o\u00a0<a href=\"http:\/\/windows.microsoft.com\/es-ES\/windows\/support\" target=\"_blank\" rel=\"noopener\">soporte de Microsoft<\/a> o la <i>Ayuda<\/i> do navegador.<\/p>\n<p><b>Firefox:<\/b> <i>Ferramentas -&gt; Opci\u00f3ns -&gt; Privacidade -&gt; Historial -&gt; Configuraci\u00f3n Personalizada<\/i>. Para m\u00e1is informaci\u00f3n, pode consultar o <a href=\"http:\/\/support.mozilla.org\/es\/home\" target=\"_blank\" rel=\"noopener\">soporte de Mozilla<\/a> ou a <i>Axuda<\/i> do navegador.<\/p>\n<p><b>Chrome:<\/b> <i>Configuraci\u00f3n -&gt; Mostrar opci\u00f3ns avanzadas -&gt; Privacidade -&gt; Configuraci\u00f3n de contidoc<\/i>. Para m\u00e1is informaci\u00f3n, pode consultar o <a href=\"http:\/\/support.google.com\/chrome\/?hl=es\" target=\"_blank\" rel=\"noopener\">soporte de Google<\/a> ou a <i>Axuda<\/i> do navegador.<\/p>\n<p><b>Safari:<\/b> <i>Preferencias -&gt; Seguridade<\/i>. Para m\u00e1is informaci\u00f3n, pode consultar o <a href=\"http:\/\/www.apple.com\/es\/support\/safari\/\" target=\"_blank\" rel=\"noopener\">soporte de Apple<\/a> ou a <i>Ayuda<\/i> do navegador.<\/p>\n<p><b>\u00bfQu\u00e9 ocurre cando se deshabilitan as cookies?<\/b><\/p>\n<p>Algunhas funcionalidades dos Servicios quedar\u00e1n deshabilitadas como, por exemplo, permanecer identificado, manter as compras no \u201ccarrito da compra\u201d, etc.<\/p>\n\t\t\t\t\t\t\t\t<\/div>\n\t\t\t\t<\/div>\n\t\t\t\t\t<\/div>\n\t\t<\/div>\n\t\t\t\t\t<\/div>\n\t\t<\/section>\n\t\t\t\t<section data-particle_enable=\"false\" data-particle-mobile-disabled=\"false\" class=\"elementor-section elementor-top-section elementor-element elementor-element-5f44172 elementor-section-boxed elementor-section-height-default elementor-section-height-default\" data-id=\"5f44172\" data-element_type=\"section\">\n\t\t\t\t\t\t<div class=\"elementor-container elementor-column-gap-default\">\n\t\t\t\t\t<div class=\"elementor-column elementor-col-100 elementor-top-column elementor-element elementor-element-d693662\" data-id=\"d693662\" data-element_type=\"column\">\n\t\t\t<div class=\"elementor-widget-wrap elementor-element-populated\">\n\t\t\t\t\t\t<div class=\"elementor-element elementor-element-e1e4eac elementor-widget elementor-widget-image\" data-id=\"e1e4eac\" data-element_type=\"widget\" data-widget_type=\"image.default\">\n\t\t\t\t<div class=\"elementor-widget-container\">\n\t\t\t\t\t\t\t\t\t\t\t\t\t\t\t<img fetchpriority=\"high\" decoding=\"async\" width=\"1574\" height=\"626\" src=\"https:\/\/valentinafilm.es\/wp-content\/uploads\/web-valentina-bocetos.jpg\" class=\"attachment-full size-full wp-image-995\" alt=\"Valentina\" srcset=\"https:\/\/valentinafilm.es\/wp-content\/uploads\/web-valentina-bocetos.jpg 1574w, https:\/\/valentinafilm.es\/wp-content\/uploads\/web-valentina-bocetos-300x119.jpg 300w, https:\/\/valentinafilm.es\/wp-content\/uploads\/web-valentina-bocetos-1024x407.jpg 1024w, https:\/\/valentinafilm.es\/wp-content\/uploads\/web-valentina-bocetos-768x305.jpg 768w, https:\/\/valentinafilm.es\/wp-content\/uploads\/web-valentina-bocetos-1536x611.jpg 1536w\" sizes=\"(max-width: 1574px) 100vw, 1574px\" \/>\t\t\t\t\t\t\t\t\t\t\t\t\t\t\t<\/div>\n\t\t\t\t<\/div>\n\t\t\t\t\t<\/div>\n\t\t<\/div>\n\t\t\t\t\t<\/div>\n\t\t<\/section>\n\t\t\t\t<\/div>\n\t\t","protected":false},"excerpt":{"rendered":"<p>Pol\u00edtica de Cookies AVISO DE COOKIES Esta p\u00e1xina web usa cookies As cookies deste sitio web poden usarse para personalizar o contigo e os anuncios, ofrecer funci\u00f3ns de redes socias e analizar o tr\u00e1fico. Adem\u00e1is, compartimos informaci\u00f3n sobre o uso que faga do sitio web cos nosos partners de redes sociais, publicidade e an\u00e1lise web, [&hellip;]<\/p>\n","protected":false},"author":1,"featured_media":0,"parent":0,"menu_order":0,"comment_status":"closed","ping_status":"closed","template":"","meta":{"footnotes":""},"class_list":["post-1013","page","type-page","status-publish","hentry"],"_links":{"self":[{"href":"https:\/\/valentinafilm.es\/gl\/wp-json\/wp\/v2\/pages\/1013","targetHints":{"allow":["GET"]}}],"collection":[{"href":"https:\/\/valentinafilm.es\/gl\/wp-json\/wp\/v2\/pages"}],"about":[{"href":"https:\/\/valentinafilm.es\/gl\/wp-json\/wp\/v2\/types\/page"}],"author":[{"embeddable":true,"href":"https:\/\/valentinafilm.es\/gl\/wp-json\/wp\/v2\/users\/1"}],"replies":[{"embeddable":true,"href":"https:\/\/valentinafilm.es\/gl\/wp-json\/wp\/v2\/comments?post=1013"}],"version-history":[{"count":1,"href":"https:\/\/valentinafilm.es\/gl\/wp-json\/wp\/v2\/pages\/1013\/revisions"}],"predecessor-version":[{"id":1014,"href":"https:\/\/valentinafilm.es\/gl\/wp-json\/wp\/v2\/pages\/1013\/revisions\/1014"}],"wp:attachment":[{"href":"https:\/\/valentinafilm.es\/gl\/wp-json\/wp\/v2\/media?parent=1013"}],"curies":[{"name":"wp","href":"https:\/\/api.w.org\/{rel}","templated":true}]}}