{"id":1008,"date":"2021-02-26T12:27:10","date_gmt":"2021-02-26T12:27:10","guid":{"rendered":"https:\/\/valentinafilm.es\/politica-de-privacidade\/"},"modified":"2021-03-01T11:47:56","modified_gmt":"2021-03-01T11:47:56","slug":"politica-de-privacidade","status":"publish","type":"page","link":"https:\/\/valentinafilm.es\/gl\/politica-de-privacidade\/","title":{"rendered":"Pol\u00edtica de Privacidade"},"content":{"rendered":"\t\t<div data-elementor-type=\"wp-page\" data-elementor-id=\"1008\" class=\"elementor elementor-1008 elementor-825\" data-elementor-post-type=\"page\">\n\t\t\t\t\t\t<section data-particle_enable=\"false\" data-particle-mobile-disabled=\"false\" class=\"elementor-section elementor-top-section elementor-element elementor-element-c003d37 elementor-section-full_width elementor-section-height-default elementor-section-height-default\" data-id=\"c003d37\" data-element_type=\"section\">\n\t\t\t\t\t\t<div class=\"elementor-container elementor-column-gap-default\">\n\t\t\t\t\t<div class=\"elementor-column elementor-col-100 elementor-top-column elementor-element elementor-element-6c1a874\" data-id=\"6c1a874\" data-element_type=\"column\">\n\t\t\t<div class=\"elementor-widget-wrap elementor-element-populated\">\n\t\t\t\t\t\t<div class=\"elementor-element elementor-element-6f4ccea elementor-widget elementor-widget-heading\" data-id=\"6f4ccea\" data-element_type=\"widget\" data-widget_type=\"heading.default\">\n\t\t\t\t<div class=\"elementor-widget-container\">\n\t\t\t\t\t<h2 class=\"elementor-heading-title elementor-size-default\">Pol\u00edtica de Privacidade<\/h2>\t\t\t\t<\/div>\n\t\t\t\t<\/div>\n\t\t\t\t\t<\/div>\n\t\t<\/div>\n\t\t\t\t\t<\/div>\n\t\t<\/section>\n\t\t\t\t<section data-particle_enable=\"false\" data-particle-mobile-disabled=\"false\" class=\"elementor-section elementor-top-section elementor-element elementor-element-c32e0af elementor-section-boxed elementor-section-height-default elementor-section-height-default\" data-id=\"c32e0af\" data-element_type=\"section\">\n\t\t\t\t\t\t<div class=\"elementor-container elementor-column-gap-default\">\n\t\t\t\t\t<div class=\"elementor-column elementor-col-100 elementor-top-column elementor-element elementor-element-7a29c24\" data-id=\"7a29c24\" data-element_type=\"column\">\n\t\t\t<div class=\"elementor-widget-wrap elementor-element-populated\">\n\t\t\t\t\t\t<div class=\"elementor-element elementor-element-6c550f0 elementor-widget elementor-widget-text-editor\" data-id=\"6c550f0\" data-element_type=\"widget\" data-widget_type=\"text-editor.default\">\n\t\t\t\t<div class=\"elementor-widget-container\">\n\t\t\t\t\t\t\t\t\t<p><strong>RESPONSABLE<\/strong><br \/>\nResponsable e titular: VALENTINA LA PEL\u00cdCULA A.I.E. (en diante, VALENTINA LA PEL\u00cdCULA)<br \/>\nSitio web: <a href=\"https:\/\/valentinafilm.es\/?lang=gl\">www.valentinafilm.es<\/a> (en diante, SITIO WEB)<br \/>\nDomicilio: Avenida Xo\u00e1n Carlos I, 18-6\u00baB 15670 Culleredo A Coru\u00f1a<br \/>\nCIF: V-70615844<br \/>\nDatos mercantins rexistrais: Escritura de constituci\u00f3n de fecha 24\/8\/2017 (N\u00ba 1545). Rexistro Mercant\u00edl de A Coru\u00f1a. Tomo 3.245. Folio 214. Hoja C-42.303. Inscripci\u00f3n 1\u00aa<br \/>\nE-mail de contacto: valentinalapelicula@gmail.com<\/p>\n<p><strong>NORMATIVA APLICABLE <\/strong><\/p>\n<div><span lang=\"GL\">Regulamento Xeral 2016\/679, 27 de abril 2016 do Parlamento Europeo e do Consello, relativo \u00e1 protecci\u00f3n das persoas f\u00edsicas no que respecta ao tratamento de datos persoais e a libre circulaci\u00f3n destes datos (Regulamento Xeral de Protecci\u00f3n de Datos, RGPD) e Lei Org\u00e1nica 3\/2018, de 5 de decembro de 2018, de Protecci\u00f3n de Datos Persoais e Garant\u00eda dos Dereitos Dixitais (LOPDGDD).<\/span><\/div>\n<p><strong>DATOS TRATADOS<\/strong><\/p>\n<p>Os datos obxecto de tratamento son:<\/p>\n<table>\n<tbody>\n<tr>\n<td width=\"275\"><u>Datos de contacto<\/u>:<\/p>\n<p>Nome e apelido, direcci\u00f3n e-mail<\/p>\n<p><u>Outros Datos:<\/u><\/p>\n<p>Nome do menor<\/p>\n<p>Idade do menor<\/td>\n<td width=\"275\"><u>Datos subxectivos<\/u>:<\/p>\n<p>Tema da consulta<\/p>\n<p>Debuxos<\/td>\n<\/tr>\n<\/tbody>\n<\/table>\n<p><strong>FINALIDAD<\/strong><\/p>\n<div><span lang=\"GL\">Os datos persoais que vostede facilita a trav\u00e9s do formulario Contacto do sitio <\/span><a href=\"https:\/\/valentinafilm.es\/?lang=gl\">www.valentinafilm.es<\/a><\/p>\n<div><span lang=\"GL\">ser\u00e1n tratados por VALENTINA LA PEL\u00cdCULA A.I.E. coa finalidade exclusiva de contactar con vostede a petici\u00f3n s\u00faa e atender a s\u00faa consulta. No suposto de enviar un debuxo do seu fillo, o debuxo ser\u00e1 publicado na secci\u00f3n para este fin do SITIO WEB xunto co nome e a idade do menor.\u00a0 Para iso, a persoa interesada debe formalizar a s\u00faa solicitude a trav\u00e9s do formulario. Soamente admitiranse aquelas solicitudes que cumprimenten todos os campos do formulario. As petici\u00f3ns con comentarios groseiros ou malintencionados ser\u00e1n descartadas. Con este mesmo formulario poderanse subir debuxos que poidan realizar os fillos dos usuarios cuxa idade estea comprendida entre os 2 e 10 anos. Os debuxos que non cumpran as Condici\u00f3ns Xerais ser\u00e1n desestimados para ser publicados.<\/span><\/div>\n<\/div>\n<p><strong>MENORES DE 18 AnOS <\/strong><\/p>\n<div><span lang=\"GL\">O rexistro por parte de menores de idade non est\u00e1 permitido. Se algunha solicitude revelase que o usuario \u00e9 un menor de idade, VALENTINA LA PEL\u00cdCULA A.I.E. res\u00e9rvase o dereito de descartala. VALENTINA LA PEL\u00cdCULA A.I.E. non se fai responsable dos efectos ou consecuencias que os rexistros de menores de idade puidesen ocasionar. En calquera momento, os pais\/titores dun menor que enviase un formulario cos seus datos persoais, sen mediar a s\u00faa autorizaci\u00f3n poder\u00e1n, cancelar ou oporse ao tratamento de datos persoais por medio dunha mensaxe \u00e1 seguinte direcci\u00f3n de correo electr\u00f3nico valentinalapelicula@gmail.com, indicando a referencia \u201cProtecci\u00f3n de Datos\u201d.<\/span><\/div>\n<p><strong>CESI\u00d3N DE DATOS E TRANSFERENCIAS INTERNACIONAIS DE DATOS<\/strong><\/p>\n<div><span lang=\"GL\">Os datos persoais do presente tratamento non son obxecto de cesi\u00f3n a terceiros nin tampouco son sometidos a transferencias internacionais de datos.<\/span><\/div>\n<p><strong>CONSENTIMENTO <\/strong><\/p>\n<div><span lang=\"GL\"><span lang=\"GL\">Co env\u00edo do formulario Contacto debidamente cumprimentado e a aceptaci\u00f3n expresa da presente Pol\u00edtica de Privacidade, o usuario outorga o seu consentimento para que VALENTINA<\/span><\/span><\/p>\n<div><span lang=\"GL\">LA PEL\u00cdCULA A.I.E. poida dispor dos seus datos persoais para a finalidade antes exposta. O usuario debe facilitar datos verdadeiros e actualizados. VALENTINA LA PEL\u00cdCULA A.I.E. non se fai responsable das consecuencias e prexu\u00edzos que poidan provocar uns datos falsos ou err\u00f3neos.<\/span><\/div>\n<\/div>\n<p><strong>LEXITIMACI\u00d3N<\/strong><\/p>\n<div><span lang=\"GL\">A lexitimaci\u00f3n do presente tratamento bas\u00e9ase no consentimento outorgado por vostede cando acepta a presente Pol\u00edtica de Privacidade.<\/span><\/div>\n<p><strong>EXERCICIO DE DEREITOS <\/strong><\/p>\n<div><span lang=\"GL\">En cumprimento dos preceptos establecidos no RGPD e a LOPDGDD, inf\u00f3rmaselle que o feito de facilitar os seus datos persoais \u00e9 de car\u00e1cter facultativo e en calquera momento, vostede pode exercer os dereitos de acceso, rectificaci\u00f3n, supresi\u00f3n (esquecemento), oposici\u00f3n, limitaci\u00f3n e potabilidade respecto dos datos facilitados. Neste suposto, o interesado ter\u00e1 que dirixir a s\u00faa reclamaci\u00f3n a VALENTINA LA PEL\u00cdCULA A.I.E. mediante unha mensaxe de correo electr\u00f3nico \u00e1 direcci\u00f3n valentinalapelicula@gmail.com indicando \u00e1 referencia &#8220;Protecci\u00f3n de Datos&#8221; e detallando os datos respecto dos cales desexe exercer alg\u00fan\/s dos dereitos anteriores e achegando acreditaci\u00f3n da s\u00faa identidade.<\/span><\/div>\n<p><strong>PRAZO DE TRATAMENTO E CONSERVACI\u00d3N <\/strong><\/p>\n<div><span lang=\"GL\">Os datos persoais ser\u00e1n tratados mentres estea vixente a finalidade. Se vostede desexa valentinalapelicula@gmail.com indicando na referencia \u201cProtecci\u00f3n de Datos\u201d e aportando acreditaci\u00f3n da s\u00faa identidade. Vencida a mesma, os datos persoais ser\u00e1n suprimidos<\/span><span lang=\"GL\">.<\/span><\/div>\n<p><strong>CONSULTAS<\/strong><\/p>\n<div><span lang=\"GL\">Se ten algunha consulta relacionada co tratamento dos seus datos persoais por parte de ABANO PRODUCI\u00d3NS, vostede pode contactar con ABANO PRODUCI\u00d3NS a trav\u00e9s da direcci\u00f3n de correo electr\u00f3nico: valentinalapelicula@gmail.com<\/span><\/div>\n<p><strong>AUTORIDAD DE CONTROL<\/strong><\/p>\n<div><span lang=\"GL\">A autoridade de control competente en materia de protecci\u00f3n de datos \u00e9 a Axencia Espa\u00f1ola de Protecci\u00f3n de Datos, c\/ Jorge Juan, 6, Madrid, 28001.<\/span><\/div>\n\t\t\t\t\t\t\t\t<\/div>\n\t\t\t\t<\/div>\n\t\t\t\t\t<\/div>\n\t\t<\/div>\n\t\t\t\t\t<\/div>\n\t\t<\/section>\n\t\t\t\t<section data-particle_enable=\"false\" data-particle-mobile-disabled=\"false\" class=\"elementor-section elementor-top-section elementor-element elementor-element-aef8f33 elementor-section-boxed elementor-section-height-default elementor-section-height-default\" data-id=\"aef8f33\" data-element_type=\"section\">\n\t\t\t\t\t\t<div class=\"elementor-container elementor-column-gap-default\">\n\t\t\t\t\t<div class=\"elementor-column elementor-col-100 elementor-top-column elementor-element elementor-element-4d198f1\" data-id=\"4d198f1\" data-element_type=\"column\">\n\t\t\t<div class=\"elementor-widget-wrap elementor-element-populated\">\n\t\t\t\t\t\t<div class=\"elementor-element elementor-element-fe515bf elementor-widget elementor-widget-image\" data-id=\"fe515bf\" data-element_type=\"widget\" data-widget_type=\"image.default\">\n\t\t\t\t<div class=\"elementor-widget-container\">\n\t\t\t\t\t\t\t\t\t\t\t\t\t\t\t<img fetchpriority=\"high\" decoding=\"async\" width=\"1574\" height=\"626\" src=\"https:\/\/valentinafilm.es\/wp-content\/uploads\/web-valentina-bocetos.jpg\" class=\"attachment-full size-full wp-image-995\" alt=\"Valentina\" srcset=\"https:\/\/valentinafilm.es\/wp-content\/uploads\/web-valentina-bocetos.jpg 1574w, https:\/\/valentinafilm.es\/wp-content\/uploads\/web-valentina-bocetos-300x119.jpg 300w, https:\/\/valentinafilm.es\/wp-content\/uploads\/web-valentina-bocetos-1024x407.jpg 1024w, https:\/\/valentinafilm.es\/wp-content\/uploads\/web-valentina-bocetos-768x305.jpg 768w, https:\/\/valentinafilm.es\/wp-content\/uploads\/web-valentina-bocetos-1536x611.jpg 1536w\" sizes=\"(max-width: 1574px) 100vw, 1574px\" \/>\t\t\t\t\t\t\t\t\t\t\t\t\t\t\t<\/div>\n\t\t\t\t<\/div>\n\t\t\t\t\t<\/div>\n\t\t<\/div>\n\t\t\t\t\t<\/div>\n\t\t<\/section>\n\t\t\t\t<\/div>\n\t\t","protected":false},"excerpt":{"rendered":"<p>Pol\u00edtica de Privacidade RESPONSABLE Responsable e titular: VALENTINA LA PEL\u00cdCULA A.I.E. (en diante, VALENTINA LA PEL\u00cdCULA) Sitio web: www.valentinafilm.es (en diante, SITIO WEB) Domicilio: Avenida Xo\u00e1n Carlos I, 18-6\u00baB 15670 Culleredo A Coru\u00f1a CIF: V-70615844 Datos mercantins rexistrais: Escritura de constituci\u00f3n de fecha 24\/8\/2017 (N\u00ba 1545). Rexistro Mercant\u00edl de A Coru\u00f1a. Tomo 3.245. Folio 214. [&hellip;]<\/p>\n","protected":false},"author":1,"featured_media":0,"parent":0,"menu_order":0,"comment_status":"closed","ping_status":"closed","template":"","meta":{"footnotes":""},"class_list":["post-1008","page","type-page","status-publish","hentry"],"_links":{"self":[{"href":"https:\/\/valentinafilm.es\/gl\/wp-json\/wp\/v2\/pages\/1008","targetHints":{"allow":["GET"]}}],"collection":[{"href":"https:\/\/valentinafilm.es\/gl\/wp-json\/wp\/v2\/pages"}],"about":[{"href":"https:\/\/valentinafilm.es\/gl\/wp-json\/wp\/v2\/types\/page"}],"author":[{"embeddable":true,"href":"https:\/\/valentinafilm.es\/gl\/wp-json\/wp\/v2\/users\/1"}],"replies":[{"embeddable":true,"href":"https:\/\/valentinafilm.es\/gl\/wp-json\/wp\/v2\/comments?post=1008"}],"version-history":[{"count":3,"href":"https:\/\/valentinafilm.es\/gl\/wp-json\/wp\/v2\/pages\/1008\/revisions"}],"predecessor-version":[{"id":1233,"href":"https:\/\/valentinafilm.es\/gl\/wp-json\/wp\/v2\/pages\/1008\/revisions\/1233"}],"wp:attachment":[{"href":"https:\/\/valentinafilm.es\/gl\/wp-json\/wp\/v2\/media?parent=1008"}],"curies":[{"name":"wp","href":"https:\/\/api.w.org\/{rel}","templated":true}]}}